{"id":1496,"date":"2023-05-05T16:10:12","date_gmt":"2023-05-05T16:10:12","guid":{"rendered":"https:\/\/minousbikes.com\/?page_id=1496"},"modified":"2023-06-14T17:02:30","modified_gmt":"2023-06-14T17:02:30","slug":"proposition-ditineraire","status":"publish","type":"page","link":"https:\/\/minousbikes.com\/?page_id=1496","title":{"rendered":"PROPOSITION D&#8217;ITIN\u00c9RAIRE"},"content":{"rendered":"<style>.wp-block-kadence-advancedheading.kt-adv-heading_73d4c0-df, .wp-block-kadence-advancedheading.kt-adv-heading_73d4c0-df[data-kb-block=\"kb-adv-heading_73d4c0-df\"]{text-align:center;font-style:normal;}.wp-block-kadence-advancedheading.kt-adv-heading_73d4c0-df mark.kt-highlight, .wp-block-kadence-advancedheading.kt-adv-heading_73d4c0-df[data-kb-block=\"kb-adv-heading_73d4c0-df\"] mark.kt-highlight{font-style:normal;color:#f76a0c;-webkit-box-decoration-break:clone;box-decoration-break:clone;padding-top:0px;padding-right:0px;padding-bottom:0px;padding-left:0px;}.wp-block-kadence-advancedheading.kt-adv-heading_73d4c0-df img.kb-inline-image, .wp-block-kadence-advancedheading.kt-adv-heading_73d4c0-df[data-kb-block=\"kb-adv-heading_73d4c0-df\"] img.kb-inline-image{width:150px;vertical-align:baseline;}<\/style>\n<h2 class=\"kt-adv-heading_73d4c0-df wp-block-kadence-advancedheading\" data-kb-block=\"kb-adv-heading_73d4c0-df\">Les Fourons, les sommets verdoyants de la Flandre<font _mstmutation=\"1\"><\/font><\/h2>\n\n\n\n<div class=\"wp-block-group is-vertical is-content-justification-center is-layout-flex wp-container-core-group-is-layout-4b2eccd6 wp-block-group-is-layout-flex\"><style>.kadence-column_9e8b09-c6 > .kt-inside-inner-col{display:flex;}.kadence-column_9e8b09-c6 > .kt-inside-inner-col,.kadence-column_9e8b09-c6 > .kt-inside-inner-col:before{border-top-left-radius:0px;border-top-right-radius:0px;border-bottom-right-radius:0px;border-bottom-left-radius:0px;}.kadence-column_9e8b09-c6 > .kt-inside-inner-col{flex-direction:row;flex-wrap:wrap;align-items:flex-end;justify-content:center;}.kadence-column_9e8b09-c6 > .kt-inside-inner-col > *, .kadence-column_9e8b09-c6 > .kt-inside-inner-col > figure.wp-block-image, .kadence-column_9e8b09-c6 > .kt-inside-inner-col > figure.wp-block-kadence-image{margin-top:0px;margin-bottom:0px;}.kadence-column_9e8b09-c6 > .kt-inside-inner-col > .kb-image-is-ratio-size{flex-grow:1;}.kt-row-column-wrap > .kadence-column_9e8b09-c6{align-self:flex-end;}.kt-inner-column-height-full:not(.kt-has-1-columns) > .wp-block-kadence-column.kadence-column_9e8b09-c6{align-self:auto;}.kt-inner-column-height-full:not(.kt-has-1-columns) > .wp-block-kadence-column.kadence-column_9e8b09-c6 > .kt-inside-inner-col{align-items:flex-end;}.kadence-column_9e8b09-c6 > .kt-inside-inner-col:before{opacity:0.3;}.kadence-column_9e8b09-c6{text-align:center;}.kadence-column_9e8b09-c6{position:relative;}@media all and (max-width: 1024px){.kt-row-column-wrap > .kadence-column_9e8b09-c6{align-self:flex-end;}}@media all and (max-width: 1024px){.kt-inner-column-height-full:not(.kt-has-1-columns) > .wp-block-kadence-column.kadence-column_9e8b09-c6{align-self:auto;}}@media all and (max-width: 1024px){.kt-inner-column-height-full:not(.kt-has-1-columns) > .wp-block-kadence-column.kadence-column_9e8b09-c6 > .kt-inside-inner-col{align-items:flex-end;}}@media all and (max-width: 1024px){.kadence-column_9e8b09-c6 > .kt-inside-inner-col{flex-direction:row;flex-wrap:wrap;align-items:flex-end;justify-content:center;}}@media all and (min-width: 768px) and (max-width: 1024px){.kadence-column_9e8b09-c6 > .kt-inside-inner-col > *, .kadence-column_9e8b09-c6 > .kt-inside-inner-col > figure.wp-block-image, .kadence-column_9e8b09-c6 > .kt-inside-inner-col > figure.wp-block-kadence-image{margin-top:0px;margin-bottom:0px;}.kadence-column_9e8b09-c6 > .kt-inside-inner-col > .kb-image-is-ratio-size{flex-grow:1;}}@media all and (max-width: 767px){.kt-row-column-wrap > .kadence-column_9e8b09-c6{align-self:flex-end;}.kt-inner-column-height-full:not(.kt-has-1-columns) > .wp-block-kadence-column.kadence-column_9e8b09-c6{align-self:auto;}.kt-inner-column-height-full:not(.kt-has-1-columns) > .wp-block-kadence-column.kadence-column_9e8b09-c6 > .kt-inside-inner-col{align-items:flex-end;}.kadence-column_9e8b09-c6 > .kt-inside-inner-col{flex-direction:row;flex-wrap:wrap;justify-content:flex-start;justify-content:center;}.kadence-column_9e8b09-c6 > .kt-inside-inner-col > *, .kadence-column_9e8b09-c6 > .kt-inside-inner-col > figure.wp-block-image, .kadence-column_9e8b09-c6 > .kt-inside-inner-col > figure.wp-block-kadence-image{margin-top:0px;margin-bottom:0px;}.kadence-column_9e8b09-c6 > .kt-inside-inner-col > .kb-image-is-ratio-size{flex-grow:1;}}<\/style>\n<div class=\"wp-block-kadence-column kadence-column_9e8b09-c6 kb-section-dir-horizontal\"><div class=\"kt-inside-inner-col\">\n<p><font _mstmutation=\"1\" _msttexthash=\"7644\" _msthash=\"1413\">Tranquilit\u00e9, nature et plaisir. Trois mots cl\u00e9s qui d\u00e9crivent parfaitement la r\u00e9gion de Voer. La randonn\u00e9e est la principale raison pour laquelle les gens viennent \u00e0 la r\u00e9gion de la Voer. Cet une r\u00e9gion unique avec des vues et des paysages que vous ne trouverez pas facilement ailleurs.<\/font><font _mstmutation=\"1\"><\/font><\/p>\n<\/div><\/div>\n\n\n<style>.kadence-column_90d4d7-10 > .kt-inside-inner-col{display:flex;}.kadence-column_90d4d7-10 > .kt-inside-inner-col,.kadence-column_90d4d7-10 > .kt-inside-inner-col:before{border-top-left-radius:0px;border-top-right-radius:0px;border-bottom-right-radius:0px;border-bottom-left-radius:0px;}.kadence-column_90d4d7-10 > .kt-inside-inner-col{flex-direction:row;flex-wrap:wrap;align-items:flex-end;}.kadence-column_90d4d7-10 > .kt-inside-inner-col > *, .kadence-column_90d4d7-10 > .kt-inside-inner-col > figure.wp-block-image, .kadence-column_90d4d7-10 > .kt-inside-inner-col > figure.wp-block-kadence-image{margin-top:0px;margin-bottom:0px;}.kadence-column_90d4d7-10 > .kt-inside-inner-col > .kb-image-is-ratio-size{flex-grow:1;}.kt-row-column-wrap > .kadence-column_90d4d7-10{align-self:flex-end;}.kt-inner-column-height-full:not(.kt-has-1-columns) > .wp-block-kadence-column.kadence-column_90d4d7-10{align-self:auto;}.kt-inner-column-height-full:not(.kt-has-1-columns) > .wp-block-kadence-column.kadence-column_90d4d7-10 > .kt-inside-inner-col{align-items:flex-end;}.kadence-column_90d4d7-10 > .kt-inside-inner-col:before{opacity:0.3;}.kadence-column_90d4d7-10{position:relative;}@media all and (max-width: 1024px){.kt-row-column-wrap > .kadence-column_90d4d7-10{align-self:flex-end;}}@media all and (max-width: 1024px){.kt-inner-column-height-full:not(.kt-has-1-columns) > .wp-block-kadence-column.kadence-column_90d4d7-10{align-self:auto;}}@media all and (max-width: 1024px){.kt-inner-column-height-full:not(.kt-has-1-columns) > .wp-block-kadence-column.kadence-column_90d4d7-10 > .kt-inside-inner-col{align-items:flex-end;}}@media all and (max-width: 1024px){.kadence-column_90d4d7-10 > .kt-inside-inner-col{flex-direction:row;flex-wrap:wrap;align-items:flex-end;}}@media all and (min-width: 768px) and (max-width: 1024px){.kadence-column_90d4d7-10 > .kt-inside-inner-col > *, .kadence-column_90d4d7-10 > .kt-inside-inner-col > figure.wp-block-image, .kadence-column_90d4d7-10 > .kt-inside-inner-col > figure.wp-block-kadence-image{margin-top:0px;margin-bottom:0px;}.kadence-column_90d4d7-10 > .kt-inside-inner-col > .kb-image-is-ratio-size{flex-grow:1;}}@media all and (max-width: 767px){.kt-row-column-wrap > .kadence-column_90d4d7-10{align-self:flex-end;}.kt-inner-column-height-full:not(.kt-has-1-columns) > .wp-block-kadence-column.kadence-column_90d4d7-10{align-self:auto;}.kt-inner-column-height-full:not(.kt-has-1-columns) > .wp-block-kadence-column.kadence-column_90d4d7-10 > .kt-inside-inner-col{align-items:flex-end;}.kadence-column_90d4d7-10 > .kt-inside-inner-col{flex-direction:row;flex-wrap:wrap;justify-content:flex-start;}.kadence-column_90d4d7-10 > .kt-inside-inner-col > *, .kadence-column_90d4d7-10 > .kt-inside-inner-col > figure.wp-block-image, .kadence-column_90d4d7-10 > .kt-inside-inner-col > figure.wp-block-kadence-image{margin-top:0px;margin-bottom:0px;}.kadence-column_90d4d7-10 > .kt-inside-inner-col > .kb-image-is-ratio-size{flex-grow:1;}}<\/style>\n<div class=\"wp-block-kadence-column kadence-column_90d4d7-10 kb-section-dir-horizontal\"><div class=\"kt-inside-inner-col\">\n<p class=\"has-text-align-center\">Voici certains itin\u00e9raires et liens vers des sites qui vous permettront de cr\u00e9er vos propres balades \u00e0 v\u00e9lo.<font _mstmutation=\"1\"><\/font><\/p>\n<\/div><\/div>\n\n\n\n<div style=\"height:56px\" aria-hidden=\"true\" class=\"wp-block-spacer\"><\/div>\n<\/div>\n\n\n\n<div style=\"height:50px\" aria-hidden=\"true\" class=\"wp-block-spacer\"><\/div>\n\n\n<style>.wp-block-kadence-column.kb-section-dir-horizontal > .kt-inside-inner-col > .kt-info-box_6d171e-26 .kt-blocks-info-box-link-wrap{max-width:unset;}.kt-info-box_6d171e-26 .kt-blocks-info-box-link-wrap{border-top:2px solid var(--global-palette7, #eeeeee);border-right:2px solid var(--global-palette7, #eeeeee);border-bottom:2px solid var(--global-palette7, #eeeeee);border-left:2px solid var(--global-palette7, #eeeeee);background:var(--global-palette3, #1A202C);padding-top:var(--global-kb-spacing-sm, 1.5rem);padding-right:var(--global-kb-spacing-sm, 1.5rem);padding-bottom:var(--global-kb-spacing-sm, 1.5rem);padding-left:var(--global-kb-spacing-sm, 1.5rem);margin-top:50px;}.kt-info-box_6d171e-26.wp-block-kadence-infobox{max-width:100%;}.kt-info-box_6d171e-26 .kadence-info-box-image-inner-intrisic-container{max-width:300px;}.kt-info-box_6d171e-26 .kadence-info-box-image-inner-intrisic-container .kadence-info-box-image-intrisic{padding-bottom:50%;width:768px;height:0px;max-width:100%;}.kt-info-box_6d171e-26 .kadence-info-box-icon-container .kt-info-svg-icon, .kt-info-box_6d171e-26 .kt-info-svg-icon-flip, .kt-info-box_6d171e-26 .kt-blocks-info-box-number{font-size:50px;}.kt-info-box_6d171e-26 .kt-blocks-info-box-media{background:#ffffff;border-color:var(--global-palette3, #1A202C);border-top-width:1px;border-right-width:1px;border-bottom-width:1px;border-left-width:1px;padding-top:0px;padding-right:0px;padding-bottom:0px;padding-left:0px;}.kt-info-box_6d171e-26 .kt-blocks-info-box-media-container{margin-top:-75px;margin-right:0px;margin-bottom:20px;margin-left:0px;}.kt-info-box_6d171e-26 .kt-infobox-textcontent h2.kt-blocks-info-box-title{color:var(--global-palette9, #ffffff);padding-top:0px;padding-right:0px;padding-bottom:0px;padding-left:0px;margin-top:5px;margin-right:0px;margin-bottom:10px;margin-left:0px;}.kt-info-box_6d171e-26 .kt-infobox-textcontent .kt-blocks-info-box-text{color:var(--global-palette9, #ffffff);}.kt-info-box_6d171e-26 .kt-blocks-info-box-learnmore{color:#b72623;background:var(--global-palette6, #718096);border-color:var(--global-palette7, #EDF2F7);border-width:1px 1px 1px 1px;padding-top:4px;padding-right:8px;padding-bottom:4px;padding-left:8px;margin-top:10px;margin-right:0px;margin-bottom:10px;margin-left:0px;}.kt-info-box_6d171e-26 .kt-blocks-info-box-link-wrap{box-shadow:inset 1px 1px 0px 0px var(--global-palette5, #4A5568);}.kt-info-box_6d171e-26 .kt-blocks-info-box-link-wrap:hover{box-shadow:0px 0px 14px 0px rgba(0, 0, 0, 0.2);}@media all and (max-width: 1024px){.kt-info-box_6d171e-26 .kt-blocks-info-box-link-wrap{border-top:2px solid var(--global-palette7, #eeeeee);border-right:2px solid var(--global-palette7, #eeeeee);border-bottom:2px solid var(--global-palette7, #eeeeee);border-left:2px solid var(--global-palette7, #eeeeee);box-shadow:inset 1px 1px 0px 0px var(--global-palette5, #4A5568);}}@media all and (max-width: 1024px){.kt-info-box_6d171e-26 .kt-blocks-info-box-link-wrap:hover{box-shadow:0px 0px 14px 0px rgba(0, 0, 0, 0.2);}}@media all and (max-width: 767px){.kt-info-box_6d171e-26 .kt-blocks-info-box-link-wrap{border-top:2px solid var(--global-palette7, #eeeeee);border-right:2px solid var(--global-palette7, #eeeeee);border-bottom:2px solid var(--global-palette7, #eeeeee);border-left:2px solid var(--global-palette7, #eeeeee);box-shadow:inset 1px 1px 0px 0px var(--global-palette5, #4A5568);}.kt-info-box_6d171e-26 .kt-blocks-info-box-link-wrap:hover{box-shadow:0px 0px 14px 0px rgba(0, 0, 0, 0.2);}}<\/style>\n<div class=\"wp-block-kadence-infobox kt-info-box_6d171e-26\"><div class=\"kt-blocks-info-box-link-wrap kt-blocks-info-box-media-align-top kt-info-halign-left\"><div class=\"kt-blocks-info-box-media-container\"><div class=\"kt-blocks-info-box-media kt-info-media-animate-none\"><div class=\"kadence-info-box-image-inner-intrisic-container\"><div class=\"kadence-info-box-image-intrisic kt-info-animate-none\"><div class=\"kadence-info-box-image-inner-intrisic\"><img loading=\"lazy\" decoding=\"async\" src=\"https:\/\/minousbikes.com\/wp-content\/uploads\/2023\/06\/Fourons-St-Martin-768x384.jpg\" alt=\"\" width=\"768\" height=\"384\" class=\"kt-info-box-image wp-image-1826\" srcset=\"https:\/\/minousbikes.com\/wp-content\/uploads\/2023\/06\/Fourons-St-Martin-768x384.jpg 768w, https:\/\/minousbikes.com\/wp-content\/uploads\/2023\/06\/Fourons-St-Martin-300x150.jpg 300w, https:\/\/minousbikes.com\/wp-content\/uploads\/2023\/06\/Fourons-St-Martin.jpg 1000w\" sizes=\"auto, (max-width: 768px) 100vw, 768px\" \/><\/div><\/div><\/div><\/div><\/div><div class=\"kt-infobox-textcontent\"><h2 class=\"kt-blocks-info-box-title\">Promenade \u00e0 v\u00e9lo de Fourons Est<\/h2><p class=\"kt-blocks-info-box-text\">Cet itin\u00e9raire d\u00e9crit le circuit oriental qui vous pilote aux quatre des six villages fouronnais. Ces promenades figures parmi les plus jolies en Flandre en ce qui concerne la beaut\u00e9 du paysage.<\/p><div class=\"kt-blocks-info-box-learnmore-wrap\"><a class=\"kt-blocks-info-box-learnmore info-box-link\" target=\"_blank\" rel=\"noopener noreferrer\" href=\"https:\/\/www.routeyou.com\/fr-be\/route\/view\/1307\/piste-velo-recreative\/promenade-a-velo-de-fourons-est\">Pour en savoir plus<\/a><\/div><\/div><\/div><\/div>\n\n\n\n<div style=\"height:100px\" aria-hidden=\"true\" class=\"wp-block-spacer\"><\/div>\n\n\n\n<div style=\"height:100px\" aria-hidden=\"true\" class=\"wp-block-spacer\"><\/div>\n","protected":false},"excerpt":{"rendered":"<p>Les Fourons, les sommets verdoyants de la Flandre Tranquilit\u00e9, nature et plaisir. Trois mots cl\u00e9s qui d\u00e9crivent parfaitement la r\u00e9gion de Voer. La randonn\u00e9e est la principale raison pour laquelle les gens viennent \u00e0 la r\u00e9gion de la Voer. Cet une r\u00e9gion unique avec des vues et des paysages que vous ne trouverez pas facilement&#8230;<\/p>\n","protected":false},"author":1,"featured_media":0,"parent":0,"menu_order":0,"comment_status":"closed","ping_status":"closed","template":"","meta":{"_monsterinsights_skip_tracking":false,"_monsterinsights_sitenote_active":false,"_monsterinsights_sitenote_note":"","_monsterinsights_sitenote_category":0,"_kadence_starter_templates_imported_post":false,"_kad_post_transparent":"","_kad_post_title":"","_kad_post_layout":"","_kad_post_sidebar_id":"","_kad_post_content_style":"","_kad_post_vertical_padding":"","_kad_post_feature":"","_kad_post_feature_position":"","_kad_post_header":false,"_kad_post_footer":false,"footnotes":""},"class_list":["post-1496","page","type-page","status-publish","hentry"],"aioseo_notices":[],"_links":{"self":[{"href":"https:\/\/minousbikes.com\/index.php?rest_route=\/wp\/v2\/pages\/1496","targetHints":{"allow":["GET"]}}],"collection":[{"href":"https:\/\/minousbikes.com\/index.php?rest_route=\/wp\/v2\/pages"}],"about":[{"href":"https:\/\/minousbikes.com\/index.php?rest_route=\/wp\/v2\/types\/page"}],"author":[{"embeddable":true,"href":"https:\/\/minousbikes.com\/index.php?rest_route=\/wp\/v2\/users\/1"}],"replies":[{"embeddable":true,"href":"https:\/\/minousbikes.com\/index.php?rest_route=%2Fwp%2Fv2%2Fcomments&post=1496"}],"version-history":[{"count":10,"href":"https:\/\/minousbikes.com\/index.php?rest_route=\/wp\/v2\/pages\/1496\/revisions"}],"predecessor-version":[{"id":1834,"href":"https:\/\/minousbikes.com\/index.php?rest_route=\/wp\/v2\/pages\/1496\/revisions\/1834"}],"wp:attachment":[{"href":"https:\/\/minousbikes.com\/index.php?rest_route=%2Fwp%2Fv2%2Fmedia&parent=1496"}],"curies":[{"name":"wp","href":"https:\/\/api.w.org\/{rel}","templated":true}]}}