{"id":1286,"date":"2022-08-06T11:03:00","date_gmt":"2022-08-06T11:03:00","guid":{"rendered":"https:\/\/minousbikes.com\/?page_id=1286"},"modified":"2024-05-05T12:23:46","modified_gmt":"2024-05-05T12:23:46","slug":"accueil","status":"publish","type":"page","link":"https:\/\/minousbikes.com\/","title":{"rendered":"ACCUEIL"},"content":{"rendered":"\n<p><font _mstmutation=\"1\"><\/font><\/p>\n\n\n<style>.kb-row-layout-id1286_f61cae-b5 > .kt-row-column-wrap{align-content:start;}:where(.kb-row-layout-id1286_f61cae-b5 > .kt-row-column-wrap) > .wp-block-kadence-column{justify-content:start;}.kb-row-layout-id1286_f61cae-b5 > .kt-row-column-wrap{column-gap:var(--global-kb-gap-none, 0rem );row-gap:var(--global-kb-gap-md, 2rem);max-width:var( --global-content-width, 1290px );padding-left:var(--global-content-edge-padding);padding-right:var(--global-content-edge-padding);padding-top:0px;padding-bottom:0px;grid-template-columns:repeat(2, minmax(0, 1fr));}.kb-row-layout-id1286_f61cae-b5{--breakout-negative-margin-right:calc( ( ( ( var(--global-vw, 100vw) - ( var( --global-content-width, 1290px ) - ( var(--global-content-edge-padding)*2 ) ) ) \/ 2 ) *-1) + -1px);--breakout-negative-margin-left:calc( ( ( ( var(--global-vw, 100vw) - ( var( --global-content-width, 1290px ) - ( var(--global-content-edge-padding)*2 ) ) ) \/ 2 ) *-1) + -1px);}@media all and (min-width:1290px){.kb-row-layout-id1286_f61cae-b5 > .kt-row-column-wrap > .wp-block-kadence-column:nth-child(2 of *:not(style)):not(.specificity){margin-inline-end:var(--breakout-negative-margin-right);}}.kb-row-layout-id1286_f61cae-b5 > .kt-row-layout-overlay{opacity:0.30;}.kb-row-layout-id1286_f61cae-b5 .kt-row-layout-top-sep{height:100px;}.kb-row-layout-id1286_f61cae-b5 .kt-row-layout-top-sep svg{width:100%;}.kb-row-layout-id1286_f61cae-b5 .kt-row-layout-top-sep svg{fill:#b72623!important;}@media all and (min-width: 1025px){.kb-row-layout-id1286_f61cae-b5 > .kt-row-column-wrap > .wp-block-kadence-column:nth-child(2 of *:not(style)){margin-inline-end:calc( var(--global-content-edge-padding) *-1 );}}@media all and (max-width: 1024px){.kb-row-layout-id1286_f61cae-b5 > .kt-row-column-wrap{row-gap:var(--global-kb-gap-none, 0rem );padding-right:0px;padding-left:0px;grid-template-columns:minmax(0, 1fr);}}@media all and (max-width: 1024px){.kb-row-layout-id1286_f61cae-b5 > .kt-row-column-wrap > .wp-block-kadence-column:nth-child(1 of *:not(style)){order:2;}}@media all and (max-width: 1024px){.kb-row-layout-id1286_f61cae-b5 > .kt-row-column-wrap > .wp-block-kadence-column:nth-child(2 of *:not(style)){order:1;}}@media all and (max-width: 1024px){.kb-row-layout-id1286_f61cae-b5 > .kt-row-column-wrap > .wp-block-kadence-column:nth-child(3 of *:not(style)){order:12;}}@media all and (max-width: 1024px){.kb-row-layout-id1286_f61cae-b5 > .kt-row-column-wrap > .wp-block-kadence-column:nth-child(4 of *:not(style)){order:11;}}@media all and (max-width: 1024px){.kb-row-layout-id1286_f61cae-b5 > .kt-row-column-wrap > .wp-block-kadence-column:nth-child(5 of *:not(style)){order:22;}}@media all and (max-width: 1024px){.kb-row-layout-id1286_f61cae-b5 > .kt-row-column-wrap > .wp-block-kadence-column:nth-child(6 of *:not(style)){order:21;}}@media all and (max-width: 1024px){.kb-row-layout-id1286_f61cae-b5 > .kt-row-column-wrap > .wp-block-kadence-column:nth-child(7 of *:not(style)){order:32;}}@media all and (max-width: 1024px){.kb-row-layout-id1286_f61cae-b5 > .kt-row-column-wrap > .wp-block-kadence-column:nth-child(8 of *:not(style)){order:31;}}@media all and (min-width: 768px) and (max-width: 1024px){.kb-row-layout-id1286_f61cae-b5 > .kt-row-column-wrap:not(.kt-tab-layout-row) > .wp-block-kadence-column:nth-child(2 of *:not(style)){margin-inline-end:calc( var(--global-content-edge-padding) *-1 );}}@media all and (max-width: 767px){.kb-row-layout-id1286_f61cae-b5 > .kt-row-column-wrap{grid-template-columns:minmax(0, 1fr);}.kb-row-layout-id1286_f61cae-b5 > .kt-row-column-wrap > .wp-block-kadence-column:nth-child(1 of *:not(style)){order:2;}.kb-row-layout-id1286_f61cae-b5 > .kt-row-column-wrap > .wp-block-kadence-column:nth-child(2 of *:not(style)){order:1;}.kb-row-layout-id1286_f61cae-b5 > .kt-row-column-wrap > .wp-block-kadence-column:nth-child(3 of *:not(style)){order:12;}.kb-row-layout-id1286_f61cae-b5 > .kt-row-column-wrap > .wp-block-kadence-column:nth-child(4 of *:not(style)){order:11;}.kb-row-layout-id1286_f61cae-b5 > .kt-row-column-wrap > .wp-block-kadence-column:nth-child(5 of *:not(style)){order:22;}.kb-row-layout-id1286_f61cae-b5 > .kt-row-column-wrap > .wp-block-kadence-column:nth-child(6 of *:not(style)){order:21;}.kb-row-layout-id1286_f61cae-b5 > .kt-row-column-wrap > .wp-block-kadence-column:nth-child(7 of *:not(style)){order:32;}.kb-row-layout-id1286_f61cae-b5 > .kt-row-column-wrap > .wp-block-kadence-column:nth-child(8 of *:not(style)){order:31;}}<\/style><div class=\"kb-row-layout-wrap kb-row-layout-id1286_f61cae-b5 alignfull has-theme-palette9-background-color kt-row-has-bg wp-block-kadence-rowlayout\"><div class=\"kt-row-layout-top-sep kt-row-sep-type-ctdi\"><svg viewBox=\"0 0 1000 100\" preserveAspectRatio=\"none\"><path d=\"M500,2l500,78l0,20l-1000,0l0,-20l500,-78Z\" style=\"opacity: 0.4\" \/><path d=\"M500,2l500,98l-1000,0l500,-98Z\" \/><\/svg><\/div><div class=\"kt-row-column-wrap kt-has-2-columns kt-row-layout-equal kt-tab-layout-row kt-mobile-layout-row kt-row-valign-top kt-inner-column-height-full kb-theme-content-width\">\n<style>.kadence-column1286_7d7a8d-34 > .kt-inside-inner-col{display:flex;}.kadence-column1286_7d7a8d-34 > .kt-inside-inner-col{padding-top:var(--global-kb-spacing-xxl, 5rem);padding-right:var(--global-kb-spacing-xl, 4rem);padding-bottom:var(--global-kb-spacing-xxl, 5rem);padding-left:0px;}.kadence-column1286_7d7a8d-34 > .kt-inside-inner-col,.kadence-column1286_7d7a8d-34 > .kt-inside-inner-col:before{border-top-left-radius:0px;border-top-right-radius:0px;border-bottom-right-radius:0px;border-bottom-left-radius:0px;}.kadence-column1286_7d7a8d-34 > .kt-inside-inner-col{column-gap:15px;}.kadence-column1286_7d7a8d-34 > .kt-inside-inner-col{flex-direction:column;justify-content:center;}.kadence-column1286_7d7a8d-34 > .kt-inside-inner-col > .aligncenter{width:100%;}.kt-row-column-wrap > .kadence-column1286_7d7a8d-34{align-self:center;}.kt-inner-column-height-full:not(.kt-has-1-columns) > .wp-block-kadence-column.kadence-column1286_7d7a8d-34{align-self:auto;}.kt-inner-column-height-full:not(.kt-has-1-columns) > .wp-block-kadence-column.kadence-column1286_7d7a8d-34 > .kt-inside-inner-col{flex-direction:column;justify-content:center;}.kadence-column1286_7d7a8d-34 > .kt-inside-inner-col:before{opacity:0.3;}.kadence-column1286_7d7a8d-34{text-align:center;}.kadence-column1286_7d7a8d-34{position:relative;}@media all and (max-width: 1024px){.kadence-column1286_7d7a8d-34 > .kt-inside-inner-col{padding-top:var(--global-kb-spacing-lg, 3rem);padding-right:var(--global-kb-spacing-md, 2rem);padding-bottom:var(--global-kb-spacing-lg, 3rem);padding-left:var(--global-kb-spacing-md, 2rem);flex-direction:column;justify-content:center;}}@media all and (max-width: 1024px){.kt-row-column-wrap > .kadence-column1286_7d7a8d-34{align-self:center;}}@media all and (max-width: 1024px){.kt-inner-column-height-full:not(.kt-has-1-columns) > .wp-block-kadence-column.kadence-column1286_7d7a8d-34{align-self:auto;}}@media all and (max-width: 1024px){.kt-inner-column-height-full:not(.kt-has-1-columns) > .wp-block-kadence-column.kadence-column1286_7d7a8d-34 > .kt-inside-inner-col{flex-direction:column;justify-content:center;}}@media all and (max-width: 767px){.kadence-column1286_7d7a8d-34 > .kt-inside-inner-col{padding-right:var(--global-kb-spacing-xs, 1rem);padding-left:var(--global-kb-spacing-xs, 1rem);flex-direction:column;justify-content:center;}.kt-row-column-wrap > .kadence-column1286_7d7a8d-34{align-self:center;}.kt-inner-column-height-full:not(.kt-has-1-columns) > .wp-block-kadence-column.kadence-column1286_7d7a8d-34{align-self:auto;}.kt-inner-column-height-full:not(.kt-has-1-columns) > .wp-block-kadence-column.kadence-column1286_7d7a8d-34 > .kt-inside-inner-col{flex-direction:column;justify-content:center;}}<\/style>\n<div class=\"wp-block-kadence-column kadence-column1286_7d7a8d-34 kb-section-dir-vertical inner-column-1\"><div class=\"kt-inside-inner-col\"><style>.wp-block-kadence-advancedheading.kt-adv-heading1286_9513cc-76, .wp-block-kadence-advancedheading.kt-adv-heading1286_9513cc-76[data-kb-block=\"kb-adv-heading1286_9513cc-76\"]{padding-bottom:0px;margin-top:0px;margin-bottom:var(--global-kb-spacing-sm, 1.5rem);font-size:var(--global-kb-font-size-xl, 3rem);line-height:1.1;font-style:normal;}.wp-block-kadence-advancedheading.kt-adv-heading1286_9513cc-76 mark.kt-highlight, .wp-block-kadence-advancedheading.kt-adv-heading1286_9513cc-76[data-kb-block=\"kb-adv-heading1286_9513cc-76\"] mark.kt-highlight{font-style:normal;color:#f76a0c;-webkit-box-decoration-break:clone;box-decoration-break:clone;padding-top:0px;padding-right:0px;padding-bottom:0px;padding-left:0px;}.wp-block-kadence-advancedheading.kt-adv-heading1286_9513cc-76 img.kb-inline-image, .wp-block-kadence-advancedheading.kt-adv-heading1286_9513cc-76[data-kb-block=\"kb-adv-heading1286_9513cc-76\"] img.kb-inline-image{width:150px;vertical-align:baseline;}<\/style>\n<h2 class=\"kt-adv-heading1286_9513cc-76 wp-block-kadence-advancedheading has-theme-palette-3-color has-text-color\" data-kb-block=\"kb-adv-heading1286_9513cc-76\">Location de v\u00e9los \u00e9lectriques<\/h2>\n\n\n<style>.wp-block-kadence-advancedheading.kt-adv-heading1286_0b936e-e0, .wp-block-kadence-advancedheading.kt-adv-heading1286_0b936e-e0[data-kb-block=\"kb-adv-heading1286_0b936e-e0\"]{text-align:center;font-style:normal;}.wp-block-kadence-advancedheading.kt-adv-heading1286_0b936e-e0 mark.kt-highlight, .wp-block-kadence-advancedheading.kt-adv-heading1286_0b936e-e0[data-kb-block=\"kb-adv-heading1286_0b936e-e0\"] mark.kt-highlight{font-style:normal;color:#f76a0c;-webkit-box-decoration-break:clone;box-decoration-break:clone;padding-top:0px;padding-right:0px;padding-bottom:0px;padding-left:0px;}.wp-block-kadence-advancedheading.kt-adv-heading1286_0b936e-e0 img.kb-inline-image, .wp-block-kadence-advancedheading.kt-adv-heading1286_0b936e-e0[data-kb-block=\"kb-adv-heading1286_0b936e-e0\"] img.kb-inline-image{width:150px;vertical-align:baseline;}<\/style>\n<p class=\"kt-adv-heading1286_0b936e-e0 has-md-font-size wp-block-kadence-advancedheading has-theme-palette-4-color has-text-color\" data-kb-block=\"kb-adv-heading1286_0b936e-e0\">Vous s\u00e9journez dans les Fourons ! <br><font _mstmutation=\"1\" _msttexthash=\"3850080\" _msthash=\"987\"> Minou\u2019s bike <\/font>proposent un parc de 10 v\u00e9los \u00e9lectriques \u00e0 louer. <br>Quelle meilleure fa\u00e7on de d\u00e9couvrir notre belle r\u00e9gion.<\/p>\n\n\n\n<div class=\"wp-block-buttons is-content-justification-center is-layout-flex wp-container-core-buttons-is-layout-16018d1d wp-block-buttons-is-layout-flex\">\n<div class=\"wp-block-button has-custom-width wp-block-button__width-75 has-custom-font-size is-style-fill\" style=\"font-size:22px\"><a class=\"wp-block-button__link has-theme-palette-3-color has-text-color has-background has-text-align-center wp-element-button\" href=\"https:\/\/minousbikes.com\/?page_id=1484\" style=\"border-radius:37px;background-color:#b72623;padding-top:0px;padding-right:0px;padding-bottom:0px;padding-left:0px\" target=\"_blank\" rel=\"noreferrer noopener\"><kbd>EN SAVOIR PLUS<\/kbd><font _mstmutation=\"1\"><\/font><\/a><\/div>\n<\/div>\n<\/div><\/div>\n\n\n<style>.kadence-column1286_5ef1f9-e1 > .kt-inside-inner-col{min-height:680px;}.kadence-column1286_5ef1f9-e1 > .kt-inside-inner-col,.kadence-column1286_5ef1f9-e1 > .kt-inside-inner-col:before{border-top-left-radius:0px;border-top-right-radius:0px;border-bottom-right-radius:0px;border-bottom-left-radius:0px;}.kadence-column1286_5ef1f9-e1 > .kt-inside-inner-col{column-gap:var(--global-kb-gap-sm, 1rem);}.kadence-column1286_5ef1f9-e1 > .kt-inside-inner-col{flex-direction:column;}.kadence-column1286_5ef1f9-e1 > .kt-inside-inner-col > .aligncenter{width:100%;}.kadence-column1286_5ef1f9-e1 > .kt-inside-inner-col{background-image:url('https:\/\/minousbikes.com\/wp-content\/uploads\/2022\/08\/velo1.jpg');background-size:cover;background-position:50% 50%;background-attachment:scroll;background-repeat:no-repeat;}.kadence-column1286_5ef1f9-e1{position:relative;}@media all and (max-width: 1024px){.kadence-column1286_5ef1f9-e1 > .kt-inside-inner-col{min-height:400px;flex-direction:column;justify-content:center;}}@media all and (max-width: 767px){.kadence-column1286_5ef1f9-e1 > .kt-inside-inner-col{min-height:300px;flex-direction:column;justify-content:center;}}<\/style>\n<div class=\"wp-block-kadence-column kadence-column1286_5ef1f9-e1 kb-section-dir-vertical kb-section-md-dir-vertical inner-column-2\"><div class=\"kt-inside-inner-col\"><\/div><\/div>\n\n<\/div><\/div>","protected":false},"excerpt":{"rendered":"<p>Location de v\u00e9los \u00e9lectriques Vous s\u00e9journez dans les Fourons ! Minou\u2019s bike proposent un parc de 10 v\u00e9los \u00e9lectriques \u00e0 louer. Quelle meilleure fa\u00e7on de d\u00e9couvrir notre belle r\u00e9gion.<\/p>\n","protected":false},"author":1,"featured_media":0,"parent":0,"menu_order":0,"comment_status":"closed","ping_status":"closed","template":"","meta":{"_monsterinsights_skip_tracking":false,"_monsterinsights_sitenote_active":false,"_monsterinsights_sitenote_note":"","_monsterinsights_sitenote_category":0,"_kadence_starter_templates_imported_post":false,"_kad_post_transparent":"disable","_kad_post_title":"show","_kad_post_layout":"normal","_kad_post_sidebar_id":"","_kad_post_content_style":"boxed","_kad_post_vertical_padding":"","_kad_post_feature":"","_kad_post_feature_position":"","_kad_post_header":false,"_kad_post_footer":false,"footnotes":""},"class_list":["post-1286","page","type-page","status-publish","hentry"],"aioseo_notices":[],"_links":{"self":[{"href":"https:\/\/minousbikes.com\/index.php?rest_route=\/wp\/v2\/pages\/1286","targetHints":{"allow":["GET"]}}],"collection":[{"href":"https:\/\/minousbikes.com\/index.php?rest_route=\/wp\/v2\/pages"}],"about":[{"href":"https:\/\/minousbikes.com\/index.php?rest_route=\/wp\/v2\/types\/page"}],"author":[{"embeddable":true,"href":"https:\/\/minousbikes.com\/index.php?rest_route=\/wp\/v2\/users\/1"}],"replies":[{"embeddable":true,"href":"https:\/\/minousbikes.com\/index.php?rest_route=%2Fwp%2Fv2%2Fcomments&post=1286"}],"version-history":[{"count":24,"href":"https:\/\/minousbikes.com\/index.php?rest_route=\/wp\/v2\/pages\/1286\/revisions"}],"predecessor-version":[{"id":1860,"href":"https:\/\/minousbikes.com\/index.php?rest_route=\/wp\/v2\/pages\/1286\/revisions\/1860"}],"wp:attachment":[{"href":"https:\/\/minousbikes.com\/index.php?rest_route=%2Fwp%2Fv2%2Fmedia&parent=1286"}],"curies":[{"name":"wp","href":"https:\/\/api.w.org\/{rel}","templated":true}]}}